{"id":2696,"date":"2026-04-02T13:55:33","date_gmt":"2026-04-02T13:55:33","guid":{"rendered":"https:\/\/www.drinknestea.ca\/concours-le-meilleur-ethe-de-ta-vie\/regles\/"},"modified":"2026-04-02T17:22:22","modified_gmt":"2026-04-02T17:22:22","slug":"regles","status":"publish","type":"page","link":"https:\/\/www.drinknestea.ca\/fr\/concours-le-meilleur-ethe-de-ta-vie\/regles\/","title":{"rendered":"R\u00e8gles et r\u00e8glements"},"content":{"rendered":"\t\t<div data-elementor-type=\"wp-page\" data-elementor-id=\"2696\" class=\"elementor elementor-2696 elementor-2695\" data-elementor-post-type=\"page\">\n\t\t\t\t<div class=\"elementor-element elementor-element-21d0c915 e-flex e-con-boxed e-con e-parent\" data-id=\"21d0c915\" data-element_type=\"container\" data-e-type=\"container\">\n\t\t\t\t\t<div class=\"e-con-inner\">\n\t\t\t\t<div class=\"elementor-element elementor-element-525e3ff elementor-widget elementor-widget-text-editor\" data-id=\"525e3ff\" data-element_type=\"widget\" data-e-type=\"widget\" data-widget_type=\"text-editor.default\">\n\t\t\t\t\t\t\t\t\t<div style=\"max-width:800px;margin:40px auto;padding:20px;font-family:inherit;line-height:1.6;\">\n\n<p><strong>CE CONCOURS S&rsquo;ADRESSE UNIQUEMENT AUX R\u00c9SIDENTS CANADIENS TELS QUE D\u00c9CRITS CI-DESSOUS, ET EST ASSUJETTI AUX LOIS CANADIENNES.<\/strong><\/p>\n\n<p>Les tarifs de donn\u00e9es standard s&rsquo;appliquent aux participants qui choisissent de participer au Concours au moyen d&rsquo;un appareil mobile. Veuillez communiquer avec votre fournisseur de services pour obtenir des informations sur les tarifs avant de participer \u00e0 l&rsquo;aide d&rsquo;un appareil mobile.<\/p>\n\n<h2>DATES IMPORTANTES<\/h2>\n<p>Le Concours Le meilleur \u00e9-th\u00e9 de ta vie Nestea\u00ae (le \u00ab Concours \u00bb) est offert par Canada Dry Mott&rsquo;s Inc. (le \u00ab Commanditaire \u00bb), et est g\u00e9r\u00e9 et mis en \u0153uvre par Mosaic Sales Solutions (le \u00ab Repr\u00e9sentant \u00bb). Le concours commence le 1er avril 2026 \u00e0 00 h 00 HE et se termine le 30 mai 2026 \u00e0 23 h 59 min 59 s HE (la \u00ab P\u00e9riode du Concours \u00bb).<\/p>\n\n<h2>ADMISSIBILIT\u00c9<\/h2>\n<p>Le Concours est ouvert uniquement aux r\u00e9sidents du Canada qui ont atteint l&rsquo;\u00e2ge de la majorit\u00e9 dans leur province ou territoire au moment de la participation, \u00e0 l&rsquo;exclusion des employ\u00e9s, des repr\u00e9sentants, des agents, des dirigeants et des administrateurs (ainsi que ceux qui vivent sous leur toit) du Commanditaire, de ses divisions, de ses filiales, des fournisseurs de prix, des agences de publicit\u00e9 et de promotion, de son Repr\u00e9sentant et de toute autre personne impliqu\u00e9e dans l&rsquo;\u00e9laboration, la production, le d\u00e9ploiement, l&rsquo;administration ou la mise \u00e0 ex\u00e9cution du Concours (collectivement, les \u00ab Parties au Concours \u00bb).<\/p>\n\n<h2>ACCEPTATION D&rsquo;\u00caTRE LI\u00c9 JURIDIQUEMENT PAR CE R\u00c8GLEMENT<\/h2>\n<p>En participant \u00e0 ce Concours, vous confirmez que vous avez lu le R\u00e8glement et que vous acceptez d&rsquo;y \u00eatre li\u00e9.<\/p>\n\n<h2>COMMENT OBTENIR UNE PARTICIPATION<\/h2>\n<p>AUCUN ACHAT REQUIS. Il existe deux (2) fa\u00e7ons d&rsquo;obtenir une participation, jusqu&rsquo;\u00e0 \u00e9puisement des stocks :<\/p>\n\n<h3>POUR PARTICIPER SANS EFFECTUER D&rsquo;ACHAT :<\/h3>\n<p>\u00c9crire en lettres moul\u00e9es vos pr\u00e9nom, nom, num\u00e9ro de t\u00e9l\u00e9phone, date de naissance, province de r\u00e9sidence et adresse courriel sur une feuille de papier blanc et l&rsquo;envoyer par la poste (dans une enveloppe suffisamment affranchie au Canada) avec un paragraphe manuscrit de 100 mots (ou plus) unique et original expliquant \u00ab Pourquoi vous aimeriez gagner l&rsquo;un des Prix du Concours \u00bb (la \u00ab Demande AAR \u00bb) \u00e0 :<\/p>\n<blockquote>Concours Le meilleur \u00e9-th\u00e9 de ta vie Nestea\u00ae 2026<br>100 Liberty St., Toronto, ON M6K 3L7<\/blockquote>\n<p>La Demande AAR doit \u00eatre re\u00e7ue s\u00e9par\u00e9ment, envoy\u00e9e pendant la P\u00e9riode du Concours (cachet de la poste faisant foi), et re\u00e7ue au plus tard le 30 mai 2026.<\/p>\n\n<h3>SI VOUS AVEZ UN RE\u00c7U DE CAISSE VALIDE :<\/h3>\n<ul>\n<li>\u00c9tape 1 : Photographier le re\u00e7u en entier (JPG, JPEG, PNG, PDF \u2014 max 10 Mo).<\/li>\n<li>\u00c9tape 2 : Aller sur DrinkNestea.ca\/fr\/concours-le-meilleur-ethe-de-ta-vie, t\u00e9l\u00e9verser la photo et remplir le formulaire.<\/li>\n<li>\u00c9tape 3 : Recevoir un courriel confirmant la participation.<\/li>\n<\/ul>\n<p>Limite : 1 participation par personne par jour, par adresse courriel.<\/p>\n\n<h2>PRIX<\/h2>\n<h3>Grand Prix (1) \u2014 valeur approx. 9 500 $ CA :<\/h3>\n<ul>\n<li>Carte-cadeau 2 300 $ (plateforme de location h\u00e9bergement)<\/li>\n<li>2 500 $ pour service de voiture aller-retour pour 4 personnes<\/li>\n<li>Lot de produits Peace Collective<\/li>\n<li>2 500 $ d&rsquo;argent de poche<\/li>\n<li>2 300 $ d&rsquo;articles de marque Nestea\u00ae pour le chalet<\/li>\n<\/ul>\n<p>Tirage du Grand Prix : 2 juin 2026, \u00e0 Toronto (Ontario), vers 15 h HE.<\/p>\n\n<h3>Prix secondaires (100) :<\/h3>\n<ul>\n<li>Marchandise Peace Collective \u2014 valeur approx. 80 $ CA chacun<\/li>\n<li>Valeur totale approx. : 8 000 $ CA<\/li>\n<\/ul>\n\n<h2>PROCESSUS DE CONFIRMATION DU GAGNANT<\/h2>\n<p>Chaque gagnant admissible doit r\u00e9pondre correctement \u00e0 une question d&rsquo;habilet\u00e9 math\u00e9matique sans aide m\u00e9canique. Le Commanditaire tentera 3 fois de contacter chaque gagnant dans les 10 jours ouvrables suivant la s\u00e9lection. D\u00e9lai de r\u00e9ception du prix : 6 \u00e0 8 semaines apr\u00e8s confirmation. Contact : ContestSupport@kdrp.com.<\/p>\n\n<h2>CONDITIONS G\u00c9N\u00c9RALES<\/h2>\n<ul>\n<li>R\u00e9gi par les lois f\u00e9d\u00e9rales, provinciales et municipales applicables.<\/li>\n<li>Politique de confidentialit\u00e9 : <a href=\"https:\/\/www.keurig.ca\/fr\/content\/privacy-policy\" target=\"_blank\" rel=\"noopener\">https:\/\/www.keurig.ca\/fr\/content\/privacy-policy<\/a><\/li>\n<li>Pour obtenir la liste des gagnants : envoyer une enveloppe pr\u00e9pay\u00e9e et pr\u00e9-adress\u00e9e \u00e0 Mosaic Sales Solutions, 100 Liberty Street Bureau 100, Toronto, ON M6K 3L7, entre le 15 juin 2026 et le 30 juin 2026.<\/li>\n<li>En cas de divergence, la version anglaise pr\u00e9vaut.<\/li>\n<\/ul>\n\n<p>NESTEA MD est une marque d\u00e9pos\u00e9e de la Soci\u00e9t\u00e9 des Produits Nestl\u00e9 S.A., Vevey, Suisse.<\/p>\n\n<\/div>\t\t\t\t\t\t\t\t<\/div>\n\t\t\t\t\t<\/div>\n\t\t\t\t<\/div>\n\t\t\t\t<\/div>\n\t\t","protected":false},"excerpt":{"rendered":"<p>CE CONCOURS S&rsquo;ADRESSE UNIQUEMENT AUX R\u00c9SIDENTS CANADIENS TELS QUE D\u00c9CRITS CI-DESSOUS, ET EST ASSUJETTI AUX LOIS CANADIENNES. Les tarifs de donn\u00e9es standard s&rsquo;appliquent aux participants qui choisissent de participer au Concours au moyen d&rsquo;un appareil mobile. Veuillez communiquer avec votre fournisseur de services pour obtenir des informations sur les tarifs avant de participer \u00e0 l&rsquo;aide [&hellip;]<\/p>\n","protected":false},"author":1,"featured_media":0,"parent":2633,"menu_order":0,"comment_status":"closed","ping_status":"closed","template":"","meta":{"footnotes":""},"class_list":["post-2696","page","type-page","status-publish","hentry"],"_links":{"self":[{"href":"https:\/\/www.drinknestea.ca\/fr\/wp-json\/wp\/v2\/pages\/2696","targetHints":{"allow":["GET"]}}],"collection":[{"href":"https:\/\/www.drinknestea.ca\/fr\/wp-json\/wp\/v2\/pages"}],"about":[{"href":"https:\/\/www.drinknestea.ca\/fr\/wp-json\/wp\/v2\/types\/page"}],"author":[{"embeddable":true,"href":"https:\/\/www.drinknestea.ca\/fr\/wp-json\/wp\/v2\/users\/1"}],"replies":[{"embeddable":true,"href":"https:\/\/www.drinknestea.ca\/fr\/wp-json\/wp\/v2\/comments?post=2696"}],"version-history":[{"count":0,"href":"https:\/\/www.drinknestea.ca\/fr\/wp-json\/wp\/v2\/pages\/2696\/revisions"}],"up":[{"embeddable":true,"href":"https:\/\/www.drinknestea.ca\/fr\/wp-json\/wp\/v2\/pages\/2633"}],"wp:attachment":[{"href":"https:\/\/www.drinknestea.ca\/fr\/wp-json\/wp\/v2\/media?parent=2696"}],"curies":[{"name":"wp","href":"https:\/\/api.w.org\/{rel}","templated":true}]}}