{"id":2649,"date":"2026-03-31T19:38:38","date_gmt":"2026-03-31T19:38:38","guid":{"rendered":"https:\/\/www.drinknestea.ca\/concours-le-meilleur-ethe-de-ta-vie\/termine\/"},"modified":"2026-04-01T22:06:12","modified_gmt":"2026-04-01T22:06:12","slug":"termine","status":"publish","type":"page","link":"https:\/\/www.drinknestea.ca\/fr\/concours-le-meilleur-ethe-de-ta-vie\/termine\/","title":{"rendered":"Concours termin\u00e9"},"content":{"rendered":"\t\t<div data-elementor-type=\"wp-page\" data-elementor-id=\"2649\" class=\"elementor elementor-2649\" data-elementor-post-type=\"page\">\n\t\t\t\t<div class=\"elementor-element elementor-element-5931e38e e-con-full e-flex e-con e-parent\" data-id=\"5931e38e\" data-element_type=\"container\" data-e-type=\"container\">\n\t\t\t\t<div class=\"elementor-element elementor-element-5ac4b585 elementor-hidden-mobile elementor-widget elementor-widget-image\" data-id=\"5ac4b585\" data-element_type=\"widget\" data-e-type=\"widget\" data-widget_type=\"image.default\">\n\t\t\t\t\t\t\t\t\t\t\t\t\t\t\t<img fetchpriority=\"high\" decoding=\"async\" width=\"1998\" height=\"667\" src=\"https:\/\/www.drinknestea.ca\/wp-content\/uploads\/2026\/04\/HEADER_BANNER_FR.jpg\" class=\"attachment-full size-full wp-image-2669\" alt=\"\" srcset=\"https:\/\/www.drinknestea.ca\/wp-content\/uploads\/2026\/04\/HEADER_BANNER_FR.jpg 1998w, https:\/\/www.drinknestea.ca\/wp-content\/uploads\/2026\/04\/HEADER_BANNER_FR-300x100.jpg 300w, https:\/\/www.drinknestea.ca\/wp-content\/uploads\/2026\/04\/HEADER_BANNER_FR-1030x344.jpg 1030w, https:\/\/www.drinknestea.ca\/wp-content\/uploads\/2026\/04\/HEADER_BANNER_FR-768x256.jpg 768w, https:\/\/www.drinknestea.ca\/wp-content\/uploads\/2026\/04\/HEADER_BANNER_FR-1536x513.jpg 1536w\" sizes=\"(max-width: 1998px) 100vw, 1998px\" \/>\t\t\t\t\t\t\t\t\t\t\t\t\t\t\t<\/div>\n\t\t\t\t<div class=\"elementor-element elementor-element-30c069b4 elementor-hidden-desktop elementor-hidden-tablet elementor-widget elementor-widget-image\" data-id=\"30c069b4\" data-element_type=\"widget\" data-e-type=\"widget\" data-widget_type=\"image.default\">\n\t\t\t\t\t\t\t\t\t\t\t\t\t\t\t<img decoding=\"async\" width=\"533\" height=\"833\" src=\"https:\/\/www.drinknestea.ca\/wp-content\/uploads\/2026\/04\/Header_Banner_mobile_fr.jpg\" class=\"attachment-full size-full wp-image-2670\" alt=\"\" srcset=\"https:\/\/www.drinknestea.ca\/wp-content\/uploads\/2026\/04\/Header_Banner_mobile_fr.jpg 533w, https:\/\/www.drinknestea.ca\/wp-content\/uploads\/2026\/04\/Header_Banner_mobile_fr-192x300.jpg 192w\" sizes=\"(max-width: 533px) 100vw, 533px\" \/>\t\t\t\t\t\t\t\t\t\t\t\t\t\t\t<\/div>\n\t\t\t\t<\/div>\n\t\t<div class=\"elementor-element elementor-element-te10 e-con-full e-flex e-con e-parent\" data-id=\"te10\" data-element_type=\"container\" data-e-type=\"container\" data-settings=\"{&quot;background_background&quot;:&quot;gradient&quot;}\">\n\t\t\t\t<div class=\"elementor-element elementor-element-te11 elementor-widget elementor-widget-heading\" data-id=\"te11\" data-element_type=\"widget\" data-e-type=\"widget\" data-widget_type=\"heading.default\">\n\t\t\t\t\t<h2 class=\"elementor-heading-title elementor-size-default\">LE CONCOURS EST TERMIN\u00c9<\/h2>\t\t\t\t<\/div>\n\t\t\t\t<div class=\"elementor-element elementor-element-te12 elementor-widget elementor-widget-heading\" data-id=\"te12\" data-element_type=\"widget\" data-e-type=\"widget\" data-widget_type=\"heading.default\">\n\t\t\t\t\t<p class=\"elementor-heading-title elementor-size-default\">Nous sommes d\u00e9sol\u00e9s, mais ce concours est termin\u00e9.\n<br>Les participations doivent avoir \u00e9t\u00e9 soumises avant\n<br>le 30 mai 2026 pour \u00eatre admissibles \u00e0 ce concours.<\/p>\t\t\t\t<\/div>\n\t\t\t\t<\/div>\n\t\t\t\t<\/div>\n\t\t","protected":false},"excerpt":{"rendered":"<p>LE CONCOURS EST TERMIN\u00c9 Nous sommes d\u00e9sol\u00e9s, mais ce concours est termin\u00e9. Les participations doivent avoir \u00e9t\u00e9 soumises avant le 30 mai 2026 pour \u00eatre admissibles \u00e0 ce concours.<\/p>\n","protected":false},"author":1,"featured_media":0,"parent":2633,"menu_order":0,"comment_status":"closed","ping_status":"closed","template":"elementor_header_footer","meta":{"footnotes":""},"class_list":["post-2649","page","type-page","status-publish","hentry"],"_links":{"self":[{"href":"https:\/\/www.drinknestea.ca\/fr\/wp-json\/wp\/v2\/pages\/2649","targetHints":{"allow":["GET"]}}],"collection":[{"href":"https:\/\/www.drinknestea.ca\/fr\/wp-json\/wp\/v2\/pages"}],"about":[{"href":"https:\/\/www.drinknestea.ca\/fr\/wp-json\/wp\/v2\/types\/page"}],"author":[{"embeddable":true,"href":"https:\/\/www.drinknestea.ca\/fr\/wp-json\/wp\/v2\/users\/1"}],"replies":[{"embeddable":true,"href":"https:\/\/www.drinknestea.ca\/fr\/wp-json\/wp\/v2\/comments?post=2649"}],"version-history":[{"count":0,"href":"https:\/\/www.drinknestea.ca\/fr\/wp-json\/wp\/v2\/pages\/2649\/revisions"}],"up":[{"embeddable":true,"href":"https:\/\/www.drinknestea.ca\/fr\/wp-json\/wp\/v2\/pages\/2633"}],"wp:attachment":[{"href":"https:\/\/www.drinknestea.ca\/fr\/wp-json\/wp\/v2\/media?parent=2649"}],"curies":[{"name":"wp","href":"https:\/\/api.w.org\/{rel}","templated":true}]}}