{"id":2648,"date":"2026-03-31T19:38:36","date_gmt":"2026-03-31T19:38:36","guid":{"rendered":"https:\/\/www.drinknestea.ca\/concours-le-meilleur-ethe-de-ta-vie\/pas-commence\/"},"modified":"2026-04-01T22:03:20","modified_gmt":"2026-04-01T22:03:20","slug":"pas-commence","status":"publish","type":"page","link":"https:\/\/www.drinknestea.ca\/fr\/concours-le-meilleur-ethe-de-ta-vie\/pas-commence\/","title":{"rendered":"Concours pas commenc\u00e9"},"content":{"rendered":"\t\t<div data-elementor-type=\"wp-page\" data-elementor-id=\"2648\" class=\"elementor elementor-2648\" data-elementor-post-type=\"page\">\n\t\t\t\t<div class=\"elementor-element elementor-element-3f1399c e-con-full e-flex e-con e-parent\" data-id=\"3f1399c\" data-element_type=\"container\" data-e-type=\"container\">\n\t\t\t\t<div class=\"elementor-element elementor-element-5df5eca elementor-hidden-mobile elementor-widget elementor-widget-image\" data-id=\"5df5eca\" data-element_type=\"widget\" data-e-type=\"widget\" data-widget_type=\"image.default\">\n\t\t\t\t\t\t\t\t\t\t\t\t\t\t\t<img fetchpriority=\"high\" decoding=\"async\" width=\"1998\" height=\"667\" src=\"https:\/\/www.drinknestea.ca\/wp-content\/uploads\/2026\/04\/HEADER_BANNER_FR.jpg\" class=\"attachment-full size-full wp-image-2669\" alt=\"\" srcset=\"https:\/\/www.drinknestea.ca\/wp-content\/uploads\/2026\/04\/HEADER_BANNER_FR.jpg 1998w, https:\/\/www.drinknestea.ca\/wp-content\/uploads\/2026\/04\/HEADER_BANNER_FR-300x100.jpg 300w, https:\/\/www.drinknestea.ca\/wp-content\/uploads\/2026\/04\/HEADER_BANNER_FR-1030x344.jpg 1030w, https:\/\/www.drinknestea.ca\/wp-content\/uploads\/2026\/04\/HEADER_BANNER_FR-768x256.jpg 768w, https:\/\/www.drinknestea.ca\/wp-content\/uploads\/2026\/04\/HEADER_BANNER_FR-1536x513.jpg 1536w\" sizes=\"(max-width: 1998px) 100vw, 1998px\" \/>\t\t\t\t\t\t\t\t\t\t\t\t\t\t\t<\/div>\n\t\t\t\t<div class=\"elementor-element elementor-element-4784b1fd elementor-hidden-desktop elementor-hidden-tablet elementor-widget elementor-widget-image\" data-id=\"4784b1fd\" data-element_type=\"widget\" data-e-type=\"widget\" data-widget_type=\"image.default\">\n\t\t\t\t\t\t\t\t\t\t\t\t\t\t\t<img decoding=\"async\" width=\"533\" height=\"833\" src=\"https:\/\/www.drinknestea.ca\/wp-content\/uploads\/2026\/04\/Header_Banner_mobile_fr.jpg\" class=\"attachment-full size-full wp-image-2670\" alt=\"\" srcset=\"https:\/\/www.drinknestea.ca\/wp-content\/uploads\/2026\/04\/Header_Banner_mobile_fr.jpg 533w, https:\/\/www.drinknestea.ca\/wp-content\/uploads\/2026\/04\/Header_Banner_mobile_fr-192x300.jpg 192w\" sizes=\"(max-width: 533px) 100vw, 533px\" \/>\t\t\t\t\t\t\t\t\t\t\t\t\t\t\t<\/div>\n\t\t\t\t<\/div>\n\t\t<div class=\"elementor-element elementor-element-nc10 e-con-full e-flex e-con e-parent\" data-id=\"nc10\" data-element_type=\"container\" data-e-type=\"container\" data-settings=\"{&quot;background_background&quot;:&quot;gradient&quot;}\">\n\t\t\t\t<div class=\"elementor-element elementor-element-nc11 elementor-widget elementor-widget-heading\" data-id=\"nc11\" data-element_type=\"widget\" data-e-type=\"widget\" data-widget_type=\"heading.default\">\n\t\t\t\t\t<h2 class=\"elementor-heading-title elementor-size-default\">LE CONCOURS N\u2019EST PAS ENCORE COMMENC\u00c9<\/h2>\t\t\t\t<\/div>\n\t\t\t\t<div class=\"elementor-element elementor-element-nc12 elementor-widget elementor-widget-heading\" data-id=\"nc12\" data-element_type=\"widget\" data-e-type=\"widget\" data-widget_type=\"heading.default\">\n\t\t\t\t\t<p class=\"elementor-heading-title elementor-size-default\">Nous sommes d\u00e9sol\u00e9s, mais ce concours n\u2019est\n<br>pas encore commenc\u00e9. Veuillez revenir le 1er avril 2026.<\/p>\t\t\t\t<\/div>\n\t\t\t\t<\/div>\n\t\t\t\t<\/div>\n\t\t","protected":false},"excerpt":{"rendered":"<p>LE CONCOURS N\u2019EST PAS ENCORE COMMENC\u00c9 Nous sommes d\u00e9sol\u00e9s, mais ce concours n\u2019est pas encore commenc\u00e9. Veuillez revenir le 1er avril 2026.<\/p>\n","protected":false},"author":1,"featured_media":0,"parent":2633,"menu_order":0,"comment_status":"closed","ping_status":"closed","template":"elementor_header_footer","meta":{"footnotes":""},"class_list":["post-2648","page","type-page","status-publish","hentry"],"_links":{"self":[{"href":"https:\/\/www.drinknestea.ca\/fr\/wp-json\/wp\/v2\/pages\/2648","targetHints":{"allow":["GET"]}}],"collection":[{"href":"https:\/\/www.drinknestea.ca\/fr\/wp-json\/wp\/v2\/pages"}],"about":[{"href":"https:\/\/www.drinknestea.ca\/fr\/wp-json\/wp\/v2\/types\/page"}],"author":[{"embeddable":true,"href":"https:\/\/www.drinknestea.ca\/fr\/wp-json\/wp\/v2\/users\/1"}],"replies":[{"embeddable":true,"href":"https:\/\/www.drinknestea.ca\/fr\/wp-json\/wp\/v2\/comments?post=2648"}],"version-history":[{"count":0,"href":"https:\/\/www.drinknestea.ca\/fr\/wp-json\/wp\/v2\/pages\/2648\/revisions"}],"up":[{"embeddable":true,"href":"https:\/\/www.drinknestea.ca\/fr\/wp-json\/wp\/v2\/pages\/2633"}],"wp:attachment":[{"href":"https:\/\/www.drinknestea.ca\/fr\/wp-json\/wp\/v2\/media?parent=2648"}],"curies":[{"name":"wp","href":"https:\/\/api.w.org\/{rel}","templated":true}]}}