{"id":2645,"date":"2026-03-31T19:38:32","date_gmt":"2026-03-31T19:38:32","guid":{"rendered":"https:\/\/www.drinknestea.ca\/concours-le-meilleur-ethe-de-ta-vie\/inscription\/"},"modified":"2026-04-01T22:01:46","modified_gmt":"2026-04-01T22:01:46","slug":"inscription","status":"publish","type":"page","link":"https:\/\/www.drinknestea.ca\/fr\/concours-le-meilleur-ethe-de-ta-vie\/inscription\/","title":{"rendered":"Inscription"},"content":{"rendered":"\t\t<div data-elementor-type=\"wp-page\" data-elementor-id=\"2645\" class=\"elementor elementor-2645\" data-elementor-post-type=\"page\">\n\t\t\t\t<div class=\"elementor-element elementor-element-69a514e3 e-con-full e-flex e-con e-parent\" data-id=\"69a514e3\" data-element_type=\"container\" data-e-type=\"container\">\n\t\t\t\t<div class=\"elementor-element elementor-element-7dc64a7f elementor-hidden-mobile elementor-widget elementor-widget-image\" data-id=\"7dc64a7f\" data-element_type=\"widget\" data-e-type=\"widget\" data-widget_type=\"image.default\">\n\t\t\t\t\t\t\t\t\t\t\t\t\t\t\t<img fetchpriority=\"high\" decoding=\"async\" width=\"1998\" height=\"667\" src=\"https:\/\/www.drinknestea.ca\/wp-content\/uploads\/2026\/04\/HEADER_BANNER_FR.jpg\" class=\"attachment-full size-full wp-image-2669\" alt=\"\" srcset=\"https:\/\/www.drinknestea.ca\/wp-content\/uploads\/2026\/04\/HEADER_BANNER_FR.jpg 1998w, https:\/\/www.drinknestea.ca\/wp-content\/uploads\/2026\/04\/HEADER_BANNER_FR-300x100.jpg 300w, https:\/\/www.drinknestea.ca\/wp-content\/uploads\/2026\/04\/HEADER_BANNER_FR-1030x344.jpg 1030w, https:\/\/www.drinknestea.ca\/wp-content\/uploads\/2026\/04\/HEADER_BANNER_FR-768x256.jpg 768w, https:\/\/www.drinknestea.ca\/wp-content\/uploads\/2026\/04\/HEADER_BANNER_FR-1536x513.jpg 1536w\" sizes=\"(max-width: 1998px) 100vw, 1998px\" \/>\t\t\t\t\t\t\t\t\t\t\t\t\t\t\t<\/div>\n\t\t\t\t<div class=\"elementor-element elementor-element-7cd2e499 elementor-hidden-desktop elementor-hidden-tablet elementor-widget elementor-widget-image\" data-id=\"7cd2e499\" data-element_type=\"widget\" data-e-type=\"widget\" data-widget_type=\"image.default\">\n\t\t\t\t\t\t\t\t\t\t\t\t\t\t\t<img decoding=\"async\" width=\"533\" height=\"833\" src=\"https:\/\/www.drinknestea.ca\/wp-content\/uploads\/2026\/04\/Header_Banner_mobile_fr.jpg\" class=\"attachment-full size-full wp-image-2670\" alt=\"\" srcset=\"https:\/\/www.drinknestea.ca\/wp-content\/uploads\/2026\/04\/Header_Banner_mobile_fr.jpg 533w, https:\/\/www.drinknestea.ca\/wp-content\/uploads\/2026\/04\/Header_Banner_mobile_fr-192x300.jpg 192w\" sizes=\"(max-width: 533px) 100vw, 533px\" \/>\t\t\t\t\t\t\t\t\t\t\t\t\t\t\t<\/div>\n\t\t\t\t<\/div>\n\t\t<div class=\"elementor-element elementor-element-7f11a378 e-con-full e-flex e-con e-parent\" data-id=\"7f11a378\" data-element_type=\"container\" data-e-type=\"container\" data-settings=\"{&quot;background_background&quot;:&quot;gradient&quot;}\">\n\t\t<div class=\"elementor-element elementor-element-6dd3fa9e e-flex e-con-boxed e-con e-child\" data-id=\"6dd3fa9e\" data-element_type=\"container\" data-e-type=\"container\">\n\t\t\t\t\t<div class=\"e-con-inner\">\n\t\t<div class=\"elementor-element elementor-element-5ed3c0f0 e-con-full elementor-hidden-mobile e-flex e-con e-child\" data-id=\"5ed3c0f0\" data-element_type=\"container\" data-e-type=\"container\">\n\t\t\t\t<div class=\"elementor-element elementor-element-7baec8b3 elementor-widget elementor-widget-image\" data-id=\"7baec8b3\" data-element_type=\"widget\" data-e-type=\"widget\" data-widget_type=\"image.default\">\n\t\t\t\t\t\t\t\t\t\t\t\t\t\t\t<img decoding=\"async\" width=\"222\" height=\"436\" src=\"https:\/\/www.drinknestea.ca\/wp-content\/uploads\/2026\/03\/Nestea_LemonIcedTea_341ml_BIL_Clean_FORPOS_Droplets_2025_no_shad_CMYK.png\" class=\"attachment-large size-large wp-image-2661\" alt=\"\" srcset=\"https:\/\/www.drinknestea.ca\/wp-content\/uploads\/2026\/03\/Nestea_LemonIcedTea_341ml_BIL_Clean_FORPOS_Droplets_2025_no_shad_CMYK.png 222w, https:\/\/www.drinknestea.ca\/wp-content\/uploads\/2026\/03\/Nestea_LemonIcedTea_341ml_BIL_Clean_FORPOS_Droplets_2025_no_shad_CMYK-153x300.png 153w\" sizes=\"(max-width: 222px) 100vw, 222px\" \/>\t\t\t\t\t\t\t\t\t\t\t\t\t\t\t<\/div>\n\t\t\t\t<\/div>\n\t\t<div class=\"elementor-element elementor-element-1aa10b50 e-con-full e-flex e-con e-child\" data-id=\"1aa10b50\" data-element_type=\"container\" data-e-type=\"container\">\n\t\t\t\t<div class=\"elementor-element elementor-element-7b8c1dac elementor-widget elementor-widget-heading\" data-id=\"7b8c1dac\" data-element_type=\"widget\" data-e-type=\"widget\" data-widget_type=\"heading.default\">\n\t\t\t\t\t<h2 class=\"elementor-heading-title elementor-size-default\">Remplis le formulaire ci-dessous\n<br>pour terminer ton inscription.\u200b<\/h2>\t\t\t\t<\/div>\n\t\t<div class=\"elementor-element elementor-element-5c9e6207 e-con-full e-flex e-con e-child\" data-id=\"5c9e6207\" data-element_type=\"container\" data-e-type=\"container\" data-settings=\"{&quot;background_background&quot;:&quot;classic&quot;}\">\n\t\t\t\t<div class=\"elementor-element elementor-element-382b2ad6 elementor-widget elementor-widget-heading\" data-id=\"382b2ad6\" data-element_type=\"widget\" data-e-type=\"widget\" data-widget_type=\"heading.default\">\n\t\t\t\t\t<h3 class=\"elementor-heading-title elementor-size-default\">S\u2019INSCRIRE<\/h3>\t\t\t\t<\/div>\n\t\t\t\t<div class=\"elementor-element elementor-element-fr16 elementor-button-align-center elementor-widget elementor-widget-form\" data-id=\"fr16\" data-element_type=\"widget\" data-e-type=\"widget\" data-settings=\"{&quot;step_next_label&quot;:&quot;Next&quot;,&quot;step_previous_label&quot;:&quot;Previous&quot;,&quot;button_width&quot;:&quot;100&quot;,&quot;step_type&quot;:&quot;number_text&quot;,&quot;step_icon_shape&quot;:&quot;circle&quot;}\" data-widget_type=\"form.default\">\n\t\t\t\t\t\t\t<form class=\"elementor-form\" method=\"post\" name=\"Inscription Concours\" aria-label=\"Inscription Concours\">\n\t\t\t<input type=\"hidden\" name=\"post_id\" value=\"2645\"\/>\n\t\t\t<input type=\"hidden\" name=\"form_id\" value=\"fr16\"\/>\n\t\t\t<input type=\"hidden\" name=\"referer_title\" value=\"\" \/>\n\n\t\t\t\n\t\t\t<div class=\"elementor-form-fields-wrapper elementor-labels-above\">\n\t\t\t\t\t\t\t\t<div class=\"elementor-field-type-email elementor-field-group elementor-column elementor-field-group-courriel elementor-col-100 elementor-field-required\">\n\t\t\t\t\t\t\t\t\t\t\t\t<label for=\"form-field-courriel\" class=\"elementor-field-label\">\n\t\t\t\t\t\t\t\tCourriel\t\t\t\t\t\t\t<\/label>\n\t\t\t\t\t\t\t\t\t\t\t\t\t\t<input size=\"1\" type=\"email\" name=\"form_fields[courriel]\" id=\"form-field-courriel\" class=\"elementor-field elementor-size-sm  elementor-field-textual\" required=\"required\">\n\t\t\t\t\t\t\t\t\t\t\t<\/div>\n\t\t\t\t\t\t\t\t<div class=\"elementor-field-type-text elementor-field-group elementor-column elementor-field-group-prenom elementor-col-100 elementor-field-required\">\n\t\t\t\t\t\t\t\t\t\t\t\t<label for=\"form-field-prenom\" class=\"elementor-field-label\">\n\t\t\t\t\t\t\t\tPr\u00e9nom\t\t\t\t\t\t\t<\/label>\n\t\t\t\t\t\t\t\t\t\t\t\t\t\t<input size=\"1\" type=\"text\" name=\"form_fields[prenom]\" id=\"form-field-prenom\" class=\"elementor-field elementor-size-sm  elementor-field-textual\" required=\"required\">\n\t\t\t\t\t\t\t\t\t\t\t<\/div>\n\t\t\t\t\t\t\t\t<div class=\"elementor-field-type-text elementor-field-group elementor-column elementor-field-group-nomDeFamille elementor-col-100 elementor-field-required\">\n\t\t\t\t\t\t\t\t\t\t\t\t<label for=\"form-field-nomDeFamille\" class=\"elementor-field-label\">\n\t\t\t\t\t\t\t\tNom de famille\t\t\t\t\t\t\t<\/label>\n\t\t\t\t\t\t\t\t\t\t\t\t\t\t<input size=\"1\" type=\"text\" name=\"form_fields[nomDeFamille]\" id=\"form-field-nomDeFamille\" class=\"elementor-field elementor-size-sm  elementor-field-textual\" required=\"required\">\n\t\t\t\t\t\t\t\t\t\t\t<\/div>\n\t\t\t\t\t\t\t\t<div class=\"elementor-field-type-text elementor-field-group elementor-column elementor-field-group-codePostal elementor-col-100 elementor-field-required\">\n\t\t\t\t\t\t\t\t\t\t\t\t<label for=\"form-field-codePostal\" class=\"elementor-field-label\">\n\t\t\t\t\t\t\t\tCode postal\t\t\t\t\t\t\t<\/label>\n\t\t\t\t\t\t\t\t\t\t\t\t\t\t<input size=\"1\" type=\"text\" name=\"form_fields[codePostal]\" id=\"form-field-codePostal\" class=\"elementor-field elementor-size-sm  elementor-field-textual\" required=\"required\">\n\t\t\t\t\t\t\t\t\t\t\t<\/div>\n\t\t\t\t\t\t\t\t<div class=\"elementor-field-type-tel elementor-field-group elementor-column elementor-field-group-telephoone elementor-col-100 elementor-field-required\">\n\t\t\t\t\t\t\t\t\t\t\t\t<label for=\"form-field-telephoone\" class=\"elementor-field-label\">\n\t\t\t\t\t\t\t\tT\u00e9l\u00e9phone\t\t\t\t\t\t\t<\/label>\n\t\t\t\t\t\t\t\t<input size=\"1\" type=\"tel\" name=\"form_fields[telephoone]\" id=\"form-field-telephoone\" class=\"elementor-field elementor-size-sm  elementor-field-textual\" required=\"required\" pattern=\"[0-9()#&amp;+*-=.]+\" title=\"Seuls les caract\u00e8res de num\u00e9ros de t\u00e9l\u00e9phone (#, -, *, etc.) sont accept\u00e9s.\">\n\n\t\t\t\t\t\t<\/div>\n\t\t\t\t\t\t\t\t<div class=\"elementor-field-type-html elementor-field-group elementor-column elementor-field-group-field_91d398f elementor-col-100\">\n\t\t\t\t\t<hr class=\"separator\" \/>\t\t\t\t<\/div>\n\t\t\t\t\t\t\t\t<div class=\"elementor-field-type-upload elementor-field-group elementor-column elementor-field-group-recu elementor-col-100 elementor-field-required\">\n\t\t\t\t\t\t\t\t\t\t\t\t<label for=\"form-field-recu\" class=\"elementor-field-label\">\n\t\t\t\t\t\t\t\tT\u00e9l\u00e9verse ton re\u00e7u\t\t\t\t\t\t\t<\/label>\n\t\t\t\t\t\t\t\t<input type=\"file\" name=\"form_fields[recu]\" id=\"form-field-recu\" class=\"elementor-field elementor-size-sm  elementor-upload-field\" required=\"required\" data-maxsize=\"5\" data-maxsize-message=\"Ce fichier d\u00e9passe la taille maximale autoris\u00e9e.\">\n\n\t\t\t\t\t\t<\/div>\n\t\t\t\t\t\t\t\t<div class=\"elementor-field-type-html elementor-field-group elementor-column elementor-field-group-field_dfae267 elementor-col-100\">\n\t\t\t\t\t<hr class=\"separator\" \/>\t\t\t\t<\/div>\n\t\t\t\t\t\t\t\t<div class=\"elementor-field-type-acceptance elementor-field-group elementor-column elementor-field-group-accepter elementor-col-100\">\n\t\t\t\t\t\t\t<div class=\"elementor-field-subgroup\">\n\t\t\t<span class=\"elementor-field-option\">\n\t\t\t\t<input type=\"checkbox\" name=\"form_fields[accepter]\" id=\"form-field-accepter\" class=\"elementor-field elementor-size-sm  elementor-acceptance-field\">\n\t\t\t\t<label for=\"form-field-accepter\">Je souhaite recevoir des offres et des mises \u00e0 jour de Nestea<\/label>\t\t\t<\/span>\n\t\t<\/div>\n\t\t\t\t\t\t<\/div>\n\t\t\t\t\t\t\t\t<div class=\"elementor-field-type-acceptance elementor-field-group elementor-column elementor-field-group-accespReglements elementor-col-100 elementor-field-required\">\n\t\t\t\t\t\t\t<div class=\"elementor-field-subgroup\">\n\t\t\t<span class=\"elementor-field-option\">\n\t\t\t\t<input type=\"checkbox\" name=\"form_fields[accespReglements]\" id=\"form-field-accespReglements\" class=\"elementor-field elementor-size-sm  elementor-acceptance-field\" required=\"required\">\n\t\t\t\t<label for=\"form-field-accespReglements\">J\u2019accepte le r\u00e8glement du concours et les Conditions d\u2019utilisation de Nestea*<\/label>\t\t\t<\/span>\n\t\t<\/div>\n\t\t\t\t\t\t<\/div>\n\t\t\t\t\t\t\t\t<div class=\"elementor-field-type-html elementor-field-group elementor-column elementor-field-group-field_563ca72 elementor-col-100\">\n\t\t\t\t\t<strong style=\"color: #fff; font-size: 10px;\">* Champs obligatoires<\/strong>\t\t\t\t<\/div>\n\t\t\t\t\t\t\t\t<div class=\"elementor-field-group elementor-column elementor-field-type-submit elementor-col-100 e-form__buttons\">\n\t\t\t\t\t<button class=\"elementor-button elementor-size-xs\" type=\"submit\">\n\t\t\t\t\t\t<span class=\"elementor-button-content-wrapper\">\n\t\t\t\t\t\t\t\t\t\t\t\t\t\t\t\t\t\t\t\t\t\t<span class=\"elementor-button-text\">SOUMETTRE<\/span>\n\t\t\t\t\t\t\t\t\t\t\t\t\t<\/span>\n\t\t\t\t\t<\/button>\n\t\t\t\t<\/div>\n\t\t\t<\/div>\n\t\t<\/form>\n\t\t\t\t\t\t<\/div>\n\t\t\t\t<\/div>\n\t\t\t\t<\/div>\n\t\t\t\t\t<\/div>\n\t\t\t\t<\/div>\n\t\t\t\t<\/div>\n\t\t\t\t<\/div>\n\t\t","protected":false},"excerpt":{"rendered":"<p>Remplis le formulaire ci-dessous pour terminer ton inscription.\u200b S\u2019INSCRIRE<\/p>\n","protected":false},"author":1,"featured_media":0,"parent":2633,"menu_order":0,"comment_status":"closed","ping_status":"closed","template":"elementor_header_footer","meta":{"footnotes":""},"class_list":["post-2645","page","type-page","status-publish","hentry"],"_links":{"self":[{"href":"https:\/\/www.drinknestea.ca\/fr\/wp-json\/wp\/v2\/pages\/2645","targetHints":{"allow":["GET"]}}],"collection":[{"href":"https:\/\/www.drinknestea.ca\/fr\/wp-json\/wp\/v2\/pages"}],"about":[{"href":"https:\/\/www.drinknestea.ca\/fr\/wp-json\/wp\/v2\/types\/page"}],"author":[{"embeddable":true,"href":"https:\/\/www.drinknestea.ca\/fr\/wp-json\/wp\/v2\/users\/1"}],"replies":[{"embeddable":true,"href":"https:\/\/www.drinknestea.ca\/fr\/wp-json\/wp\/v2\/comments?post=2645"}],"version-history":[{"count":0,"href":"https:\/\/www.drinknestea.ca\/fr\/wp-json\/wp\/v2\/pages\/2645\/revisions"}],"up":[{"embeddable":true,"href":"https:\/\/www.drinknestea.ca\/fr\/wp-json\/wp\/v2\/pages\/2633"}],"wp:attachment":[{"href":"https:\/\/www.drinknestea.ca\/fr\/wp-json\/wp\/v2\/media?parent=2645"}],"curies":[{"name":"wp","href":"https:\/\/api.w.org\/{rel}","templated":true}]}}